{"id":10,"date":"2025-11-13T00:00:36","date_gmt":"2025-11-13T00:00:36","guid":{"rendered":"https:\/\/claudiatorresfinancas.com.br\/cadastroaulagratuita\/?page_id=10"},"modified":"2026-03-09T21:30:47","modified_gmt":"2026-03-10T00:30:47","slug":"aula-gratuita-claudia-torres","status":"publish","type":"page","link":"https:\/\/claudiatorresfinancas.com.br\/cadastroaulagratuita\/","title":{"rendered":"Captura Aula Gratuita | Claudia Torres"},"content":{"rendered":"\t\t<div data-elementor-type=\"wp-page\" data-elementor-id=\"10\" class=\"elementor elementor-10\" data-elementor-settings=\"{&quot;ha_cmc_init_switcher&quot;:&quot;no&quot;}\" data-elementor-post-type=\"page\">\n\t\t\t\t<div class=\"elementor-element elementor-element-6616428 e-flex e-con-boxed e-con e-parent\" data-id=\"6616428\" data-element_type=\"container\" data-settings=\"{&quot;background_background&quot;:&quot;classic&quot;,&quot;_ha_eqh_enable&quot;:false}\">\n\t\t\t\t\t<div class=\"e-con-inner\">\n\t\t<div class=\"elementor-element elementor-element-0c45bcc e-con-full e-flex e-con e-child\" data-id=\"0c45bcc\" data-element_type=\"container\" data-settings=\"{&quot;_ha_eqh_enable&quot;:false}\">\n\t\t\t\t<div class=\"elementor-element elementor-element-43cdbe9 elementor-widget elementor-widget-text-editor\" data-id=\"43cdbe9\" data-element_type=\"widget\" data-widget_type=\"text-editor.default\">\n\t\t\t\t<div class=\"elementor-widget-container\">\n\t\t\t\t\t\t\t\t\t<p>Aula gratuita \u2022 Finan\u00e7as pessoais<\/p>\t\t\t\t\t\t\t\t<\/div>\n\t\t\t\t<\/div>\n\t\t\t\t<div class=\"elementor-element elementor-element-60751b1 elementor-widget elementor-widget-heading\" data-id=\"60751b1\" data-element_type=\"widget\" data-widget_type=\"heading.default\">\n\t\t\t\t<div class=\"elementor-widget-container\">\n\t\t\t\t\t<h2 class=\"elementor-heading-title elementor-size-default\">Encare Seu Dinheiro de Frente: Organize Suas Finan\u00e7as em 7 Dias<\/h2>\t\t\t\t<\/div>\n\t\t\t\t<\/div>\n\t\t\t\t<div class=\"elementor-element elementor-element-bf0fc99 elementor-widget elementor-widget-text-editor\" data-id=\"bf0fc99\" data-element_type=\"widget\" data-widget_type=\"text-editor.default\">\n\t\t\t\t<div class=\"elementor-widget-container\">\n\t\t\t\t\t\t\t\t\t<p>Aula 100% gratuita com a mentora financeira <strong>Claudia Torres<\/strong>. M\u00e9todo simples e Eficaz para organizar, planejar e come\u00e7ar a guardar dinheiro.<\/p>\t\t\t\t\t\t\t\t<\/div>\n\t\t\t\t<\/div>\n\t\t\t\t<div class=\"elementor-element elementor-element-84233f1 elementor-widget elementor-widget-text-editor\" data-id=\"84233f1\" data-element_type=\"widget\" data-widget_type=\"text-editor.default\">\n\t\t\t\t<div class=\"elementor-widget-container\">\n\t\t\t\t\t\t\t\t\t<p>Dispon\u00edvel por tempo limitado!<\/p>\t\t\t\t\t\t\t\t<\/div>\n\t\t\t\t<\/div>\n\t\t\t\t<div class=\"elementor-element elementor-element-f399a86 elementor-mobile-align-center botao-captura-legal e-transform elementor-widget elementor-widget-button\" data-id=\"f399a86\" data-element_type=\"widget\" data-settings=\"{&quot;_transform_translateY_effect_hover&quot;:{&quot;unit&quot;:&quot;px&quot;,&quot;size&quot;:-5,&quot;sizes&quot;:[]},&quot;_transform_translateX_effect_hover&quot;:{&quot;unit&quot;:&quot;px&quot;,&quot;size&quot;:&quot;&quot;,&quot;sizes&quot;:[]},&quot;_transform_translateX_effect_hover_tablet&quot;:{&quot;unit&quot;:&quot;px&quot;,&quot;size&quot;:&quot;&quot;,&quot;sizes&quot;:[]},&quot;_transform_translateX_effect_hover_mobile&quot;:{&quot;unit&quot;:&quot;px&quot;,&quot;size&quot;:&quot;&quot;,&quot;sizes&quot;:[]},&quot;_transform_translateY_effect_hover_tablet&quot;:{&quot;unit&quot;:&quot;px&quot;,&quot;size&quot;:&quot;&quot;,&quot;sizes&quot;:[]},&quot;_transform_translateY_effect_hover_mobile&quot;:{&quot;unit&quot;:&quot;px&quot;,&quot;size&quot;:&quot;&quot;,&quot;sizes&quot;:[]}}\" data-widget_type=\"button.default\">\n\t\t\t\t<div class=\"elementor-widget-container\">\n\t\t\t\t\t\t\t\t\t<div class=\"elementor-button-wrapper\">\n\t\t\t\t\t<a class=\"elementor-button elementor-button-link elementor-size-sm\" href=\"#elementor-action%3Aaction%3Dpopup%3Aopen%26settings%3DeyJpZCI6Ijc1IiwidG9nZ2xlIjpmYWxzZX0%3D\">\n\t\t\t\t\t\t<span class=\"elementor-button-content-wrapper\">\n\t\t\t\t\t\t\t\t\t<span class=\"elementor-button-text\">Quero assistir \u00e0 aula gratuita<\/span>\n\t\t\t\t\t<\/span>\n\t\t\t\t\t<\/a>\n\t\t\t\t<\/div>\n\t\t\t\t\t\t\t\t<\/div>\n\t\t\t\t<\/div>\n\t\t\t\t<\/div>\n\t\t<div class=\"elementor-element elementor-element-01ae3ed e-con-full e-flex e-con e-child\" data-id=\"01ae3ed\" data-element_type=\"container\" data-settings=\"{&quot;_ha_eqh_enable&quot;:false}\">\n\t\t\t\t<\/div>\n\t\t\t\t\t<\/div>\n\t\t\t\t<\/div>\n\t\t\t\t<\/div>\n\t\t","protected":false},"excerpt":{"rendered":"<p>Aula gratuita \u2022 Finan\u00e7as pessoais Encare Seu Dinheiro de Frente: Organize Suas Finan\u00e7as em 7 Dias Aula 100% gratuita com a mentora financeira Claudia Torres. M\u00e9todo simples e Eficaz para organizar, planejar e come\u00e7ar a guardar dinheiro. Dispon\u00edvel por tempo limitado! Quero assistir \u00e0 aula gratuita<\/p>\n","protected":false},"author":1,"featured_media":0,"parent":0,"menu_order":0,"comment_status":"closed","ping_status":"closed","template":"elementor_canvas","meta":{"footnotes":""},"class_list":["post-10","page","type-page","status-publish","hentry"],"_links":{"self":[{"href":"https:\/\/claudiatorresfinancas.com.br\/cadastroaulagratuita\/wp-json\/wp\/v2\/pages\/10","targetHints":{"allow":["GET"]}}],"collection":[{"href":"https:\/\/claudiatorresfinancas.com.br\/cadastroaulagratuita\/wp-json\/wp\/v2\/pages"}],"about":[{"href":"https:\/\/claudiatorresfinancas.com.br\/cadastroaulagratuita\/wp-json\/wp\/v2\/types\/page"}],"author":[{"embeddable":true,"href":"https:\/\/claudiatorresfinancas.com.br\/cadastroaulagratuita\/wp-json\/wp\/v2\/users\/1"}],"replies":[{"embeddable":true,"href":"https:\/\/claudiatorresfinancas.com.br\/cadastroaulagratuita\/wp-json\/wp\/v2\/comments?post=10"}],"version-history":[{"count":143,"href":"https:\/\/claudiatorresfinancas.com.br\/cadastroaulagratuita\/wp-json\/wp\/v2\/pages\/10\/revisions"}],"predecessor-version":[{"id":421,"href":"https:\/\/claudiatorresfinancas.com.br\/cadastroaulagratuita\/wp-json\/wp\/v2\/pages\/10\/revisions\/421"}],"wp:attachment":[{"href":"https:\/\/claudiatorresfinancas.com.br\/cadastroaulagratuita\/wp-json\/wp\/v2\/media?parent=10"}],"curies":[{"name":"wp","href":"https:\/\/api.w.org\/{rel}","templated":true}]}}